{"id":488,"date":"2025-02-16T22:19:08","date_gmt":"2025-02-16T21:19:08","guid":{"rendered":"https:\/\/nehomia.com\/?page_id=488"},"modified":"2025-02-16T22:21:14","modified_gmt":"2025-02-16T21:21:14","slug":"actualites","status":"publish","type":"page","link":"https:\/\/nehomia.com\/index.php\/actualites\/","title":{"rendered":"L&rsquo;actualit\u00e9 de l&rsquo;\u00e9nergie"},"content":{"rendered":"\t\t<div data-elementor-type=\"wp-page\" data-elementor-id=\"488\" class=\"elementor elementor-488\" data-elementor-post-type=\"page\">\n\t\t\t\t<div class=\"elementor-element elementor-element-cebf687 e-flex e-con-boxed e-con e-parent\" data-id=\"cebf687\" data-element_type=\"container\" data-settings=\"{&quot;background_background&quot;:&quot;classic&quot;}\">\n\t\t\t\t\t<div class=\"e-con-inner\">\n\t\t<div class=\"elementor-element elementor-element-4decd56 e-con-full e-flex e-con e-child\" data-id=\"4decd56\" data-element_type=\"container\">\n\t\t\t\t<div class=\"elementor-element elementor-element-8457f38 elementor-widget elementor-widget-heading\" data-id=\"8457f38\" data-element_type=\"widget\" data-widget_type=\"heading.default\">\n\t\t\t\t<div class=\"elementor-widget-container\">\n\t\t\t\t\t<h1 class=\"elementor-heading-title elementor-size-default\">L'actualit\u00e9 de l'\u00e9nergie<\/h1>\t\t\t\t<\/div>\n\t\t\t\t<\/div>\n\t\t\t\t<div class=\"elementor-element elementor-element-ac2fcd4 elementor-widget elementor-widget-heading\" data-id=\"ac2fcd4\" data-element_type=\"widget\" data-widget_type=\"heading.default\">\n\t\t\t\t<div class=\"elementor-widget-container\">\n\t\t\t\t\t<p class=\"elementor-heading-title elementor-size-default\">Retrouvez toutes les derni\u00e8res nouveaut\u00e9s autour de domaine de la production et des fournisseurs d'\u00e9nergie sur le march\u00e9 fran\u00e7ais et europ\u00e9en.<\/p>\t\t\t\t<\/div>\n\t\t\t\t<\/div>\n\t\t\t\t<\/div>\n\t\t\t\t\t<\/div>\n\t\t\t\t<\/div>\n\t\t<div class=\"elementor-element elementor-element-5875559 e-flex e-con-boxed e-con e-parent\" data-id=\"5875559\" data-element_type=\"container\">\n\t\t\t\t\t<div class=\"e-con-inner\">\n\t\t\t\t<div class=\"elementor-element elementor-element-6e2e1a3 elementor-grid-3 elementor-grid-tablet-2 elementor-grid-mobile-1 elementor-posts--thumbnail-top elementor-widget elementor-widget-posts\" data-id=\"6e2e1a3\" data-element_type=\"widget\" data-settings=\"{&quot;pagination_type&quot;:&quot;numbers&quot;,&quot;classic_columns&quot;:&quot;3&quot;,&quot;classic_columns_tablet&quot;:&quot;2&quot;,&quot;classic_columns_mobile&quot;:&quot;1&quot;,&quot;classic_row_gap&quot;:{&quot;unit&quot;:&quot;px&quot;,&quot;size&quot;:35,&quot;sizes&quot;:[]},&quot;classic_row_gap_tablet&quot;:{&quot;unit&quot;:&quot;px&quot;,&quot;size&quot;:&quot;&quot;,&quot;sizes&quot;:[]},&quot;classic_row_gap_mobile&quot;:{&quot;unit&quot;:&quot;px&quot;,&quot;size&quot;:&quot;&quot;,&quot;sizes&quot;:[]}}\" data-widget_type=\"posts.classic\">\n\t\t\t\t<div class=\"elementor-widget-container\">\n\t\t\t\t\t\t\t<div class=\"elementor-posts-container elementor-posts elementor-posts--skin-classic elementor-grid\">\n\t\t\t\t<article class=\"elementor-post elementor-grid-item post-615 post type-post status-publish format-standard has-post-thumbnail hentry category-non-classe\">\n\t\t\t\t<a class=\"elementor-post__thumbnail__link\" href=\"https:\/\/nehomia.com\/index.php\/2025\/02\/27\/les-nouvelles-taxes-energetiques-en-france-ce-qui-change-en-2025\/\" tabindex=\"-1\" >\n\t\t\t<div class=\"elementor-post__thumbnail\"><img fetchpriority=\"high\" decoding=\"async\" width=\"768\" height=\"512\" src=\"https:\/\/nehomia.com\/wp-content\/uploads\/2025\/02\/pierredltre_In_the_foreground_a_single_wind_turbine_stands_prom_4657015e-5704-40d5-bab1-74a0aa2df42d-768x512.webp\" class=\"attachment-medium_large size-medium_large wp-image-417\" alt=\"\" srcset=\"https:\/\/nehomia.com\/wp-content\/uploads\/2025\/02\/pierredltre_In_the_foreground_a_single_wind_turbine_stands_prom_4657015e-5704-40d5-bab1-74a0aa2df42d-768x512.webp 768w, https:\/\/nehomia.com\/wp-content\/uploads\/2025\/02\/pierredltre_In_the_foreground_a_single_wind_turbine_stands_prom_4657015e-5704-40d5-bab1-74a0aa2df42d-300x200.webp 300w, https:\/\/nehomia.com\/wp-content\/uploads\/2025\/02\/pierredltre_In_the_foreground_a_single_wind_turbine_stands_prom_4657015e-5704-40d5-bab1-74a0aa2df42d-1024x683.webp 1024w, https:\/\/nehomia.com\/wp-content\/uploads\/2025\/02\/pierredltre_In_the_foreground_a_single_wind_turbine_stands_prom_4657015e-5704-40d5-bab1-74a0aa2df42d-1536x1024.webp 1536w, https:\/\/nehomia.com\/wp-content\/uploads\/2025\/02\/pierredltre_In_the_foreground_a_single_wind_turbine_stands_prom_4657015e-5704-40d5-bab1-74a0aa2df42d.webp 1920w\" sizes=\"(max-width: 768px) 100vw, 768px\" \/><\/div>\n\t\t<\/a>\n\t\t\t\t<div class=\"elementor-post__text\">\n\t\t\t\t<h3 class=\"elementor-post__title\">\n\t\t\t<a href=\"https:\/\/nehomia.com\/index.php\/2025\/02\/27\/les-nouvelles-taxes-energetiques-en-france-ce-qui-change-en-2025\/\" >\n\t\t\t\tLes nouvelles taxes \u00e9nerg\u00e9tiques en France\u00a0: ce qui change en 2025\t\t\t<\/a>\n\t\t<\/h3>\n\t\t\t\t<div class=\"elementor-post__meta-data\">\n\t\t\t\t\t<span class=\"elementor-post-date\">\n\t\t\t27 f\u00e9vrier 2025\t\t<\/span>\n\t\t\t\t<\/div>\n\t\t\t\t<div class=\"elementor-post__excerpt\">\n\t\t\t<p>Les modifications fiscales pr\u00e9vues pour 2025 dans le secteur de l&rsquo;\u00e9nergie en France auront des impacts significatifs sur les co\u00fbts pour les m\u00e9nages et les entreprises. Pour les acteurs du conseil en gestion des d\u00e9penses \u00e9nerg\u00e9tiques, il est crucial de ma\u00eetriser ces \u00e9volutions afin d&rsquo;offrir des solutions adapt\u00e9es et d&rsquo;accompagner efficacement leurs clients dans cette transition.<\/p>\n\t\t<\/div>\n\t\t\n\t\t<a class=\"elementor-post__read-more\" href=\"https:\/\/nehomia.com\/index.php\/2025\/02\/27\/les-nouvelles-taxes-energetiques-en-france-ce-qui-change-en-2025\/\" aria-label=\"Read more about Les nouvelles taxes \u00e9nerg\u00e9tiques en France\u00a0: ce qui change en 2025\" tabindex=\"-1\" >\n\t\t\tRead More \u00bb\t\t<\/a>\n\n\t\t\t\t<\/div>\n\t\t\t\t<\/article>\n\t\t\t\t<article class=\"elementor-post elementor-grid-item post-614 post type-post status-publish format-standard has-post-thumbnail hentry category-non-classe\">\n\t\t\t\t<a class=\"elementor-post__thumbnail__link\" href=\"https:\/\/nehomia.com\/index.php\/2025\/02\/27\/larenh-actualites-et-perspectives-pour-les-entreprises-en-2025\/\" tabindex=\"-1\" >\n\t\t\t<div class=\"elementor-post__thumbnail\"><img decoding=\"async\" width=\"768\" height=\"768\" src=\"https:\/\/nehomia.com\/wp-content\/uploads\/2025\/02\/Midjourney-2025-02-16-19_48_30-768x768.webp\" class=\"attachment-medium_large size-medium_large wp-image-394\" alt=\"\" srcset=\"https:\/\/nehomia.com\/wp-content\/uploads\/2025\/02\/Midjourney-2025-02-16-19_48_30-768x768.webp 768w, https:\/\/nehomia.com\/wp-content\/uploads\/2025\/02\/Midjourney-2025-02-16-19_48_30-300x300.webp 300w, https:\/\/nehomia.com\/wp-content\/uploads\/2025\/02\/Midjourney-2025-02-16-19_48_30-150x150.webp 150w, https:\/\/nehomia.com\/wp-content\/uploads\/2025\/02\/Midjourney-2025-02-16-19_48_30.webp 1024w\" sizes=\"(max-width: 768px) 100vw, 768px\" \/><\/div>\n\t\t<\/a>\n\t\t\t\t<div class=\"elementor-post__text\">\n\t\t\t\t<h3 class=\"elementor-post__title\">\n\t\t\t<a href=\"https:\/\/nehomia.com\/index.php\/2025\/02\/27\/larenh-actualites-et-perspectives-pour-les-entreprises-en-2025\/\" >\n\t\t\t\tL&rsquo;ARENH\u00a0: Actualit\u00e9s et Perspectives pour les Entreprises en 2025\t\t\t<\/a>\n\t\t<\/h3>\n\t\t\t\t<div class=\"elementor-post__meta-data\">\n\t\t\t\t\t<span class=\"elementor-post-date\">\n\t\t\t27 f\u00e9vrier 2025\t\t<\/span>\n\t\t\t\t<\/div>\n\t\t\t\t<div class=\"elementor-post__excerpt\">\n\t\t\t<p>La fin de l&rsquo;ARENH et l&rsquo;introduction du Versement Nucl\u00e9aire Universel marquent une transition majeure dans le paysage \u00e9nerg\u00e9tique fran\u00e7ais. Les entreprises doivent anticiper ces changements en adaptant leurs strat\u00e9gies d&rsquo;approvisionnement et en mettant en \u0153uvre des mesures pour optimiser leurs d\u00e9penses \u00e9nerg\u00e9tiques. Une approche proactive permettra de naviguer efficacement dans ce nouveau contexte et de minimiser l&rsquo;impact financier des \u00e9volutions \u00e0 venir.<\/p>\n\t\t<\/div>\n\t\t\n\t\t<a class=\"elementor-post__read-more\" href=\"https:\/\/nehomia.com\/index.php\/2025\/02\/27\/larenh-actualites-et-perspectives-pour-les-entreprises-en-2025\/\" aria-label=\"Read more about L&rsquo;ARENH\u00a0: Actualit\u00e9s et Perspectives pour les Entreprises en 2025\" tabindex=\"-1\" >\n\t\t\tRead More \u00bb\t\t<\/a>\n\n\t\t\t\t<\/div>\n\t\t\t\t<\/article>\n\t\t\t\t<\/div>\n\t\t\n\t\t\t\t\t\t<\/div>\n\t\t\t\t<\/div>\n\t\t\t\t\t<\/div>\n\t\t\t\t<\/div>\n\t\t\t\t<\/div>\n\t\t","protected":false},"excerpt":{"rendered":"<p>L&rsquo;actualit\u00e9 de l&rsquo;\u00e9nergie Retrouvez toutes les derni\u00e8res nouveaut\u00e9s autour de domaine de la production et des fournisseurs d&rsquo;\u00e9nergie sur le march\u00e9 fran\u00e7ais et europ\u00e9en.<\/p>\n","protected":false},"author":1,"featured_media":0,"parent":0,"menu_order":0,"comment_status":"closed","ping_status":"closed","template":"elementor_header_footer","meta":{"content-type":"","footnotes":""},"class_list":["post-488","page","type-page","status-publish","hentry"],"yoast_head":"<!-- This site is optimized with the Yoast SEO plugin v24.4 - https:\/\/yoast.com\/wordpress\/plugins\/seo\/ -->\n<title>L&#039;actualit\u00e9 de l&#039;\u00e9nergie &#8211; Nehomia<\/title>\n<meta name=\"robots\" content=\"index, follow, max-snippet:-1, max-image-preview:large, max-video-preview:-1\" \/>\n<link rel=\"canonical\" href=\"https:\/\/nehomia.com\/index.php\/actualites\/\" \/>\n<meta property=\"og:locale\" content=\"fr_FR\" \/>\n<meta property=\"og:type\" content=\"article\" \/>\n<meta property=\"og:title\" content=\"L&#039;actualit\u00e9 de l&#039;\u00e9nergie &#8211; Nehomia\" \/>\n<meta property=\"og:description\" content=\"L&rsquo;actualit\u00e9 de l&rsquo;\u00e9nergie Retrouvez toutes les derni\u00e8res nouveaut\u00e9s autour de domaine de la production et des fournisseurs d&rsquo;\u00e9nergie sur le march\u00e9 fran\u00e7ais et europ\u00e9en.\" \/>\n<meta property=\"og:url\" content=\"https:\/\/nehomia.com\/index.php\/actualites\/\" \/>\n<meta property=\"og:site_name\" content=\"Nehomia\" \/>\n<meta property=\"article:modified_time\" content=\"2025-02-16T21:21:14+00:00\" \/>\n<meta property=\"og:image\" content=\"https:\/\/nehomia.com\/wp-content\/uploads\/2025\/02\/logo-valide2.webp\" \/>\n\t<meta property=\"og:image:width\" content=\"996\" \/>\n\t<meta property=\"og:image:height\" content=\"300\" \/>\n\t<meta property=\"og:image:type\" content=\"image\/webp\" \/>\n<meta name=\"twitter:card\" content=\"summary_large_image\" \/>\n<meta name=\"twitter:label1\" content=\"Dur\u00e9e de lecture estim\u00e9e\" \/>\n\t<meta name=\"twitter:data1\" content=\"2 minutes\" \/>\n<script type=\"application\/ld+json\" class=\"yoast-schema-graph\">{\"@context\":\"https:\/\/schema.org\",\"@graph\":[{\"@type\":\"WebPage\",\"@id\":\"https:\/\/nehomia.com\/index.php\/actualites\/\",\"url\":\"https:\/\/nehomia.com\/index.php\/actualites\/\",\"name\":\"L'actualit\u00e9 de l'\u00e9nergie &#8211; Nehomia\",\"isPartOf\":{\"@id\":\"https:\/\/nehomia.com\/#website\"},\"datePublished\":\"2025-02-16T21:19:08+00:00\",\"dateModified\":\"2025-02-16T21:21:14+00:00\",\"breadcrumb\":{\"@id\":\"https:\/\/nehomia.com\/index.php\/actualites\/#breadcrumb\"},\"inLanguage\":\"fr-FR\",\"potentialAction\":[{\"@type\":\"ReadAction\",\"target\":[\"https:\/\/nehomia.com\/index.php\/actualites\/\"]}]},{\"@type\":\"BreadcrumbList\",\"@id\":\"https:\/\/nehomia.com\/index.php\/actualites\/#breadcrumb\",\"itemListElement\":[{\"@type\":\"ListItem\",\"position\":1,\"name\":\"Accueil\",\"item\":\"https:\/\/nehomia.com\/\"},{\"@type\":\"ListItem\",\"position\":2,\"name\":\"L&rsquo;actualit\u00e9 de l&rsquo;\u00e9nergie\"}]},{\"@type\":\"WebSite\",\"@id\":\"https:\/\/nehomia.com\/#website\",\"url\":\"https:\/\/nehomia.com\/\",\"name\":\"S\u00e9curisons ensemble votre budget \u00e9nerg\u00e9tique - Nehomia\",\"description\":\"S\u00e9curisons ensemble votre budget \u00e9nerg\u00e9tique\",\"publisher\":{\"@id\":\"https:\/\/nehomia.com\/#organization\"},\"alternateName\":\"Nehomia\",\"potentialAction\":[{\"@type\":\"SearchAction\",\"target\":{\"@type\":\"EntryPoint\",\"urlTemplate\":\"https:\/\/nehomia.com\/?s={search_term_string}\"},\"query-input\":{\"@type\":\"PropertyValueSpecification\",\"valueRequired\":true,\"valueName\":\"search_term_string\"}}],\"inLanguage\":\"fr-FR\"},{\"@type\":\"Organization\",\"@id\":\"https:\/\/nehomia.com\/#organization\",\"name\":\"S\u00e9curisons ensemble votre budget \u00e9nerg\u00e9tique - Nehomia\",\"url\":\"https:\/\/nehomia.com\/\",\"logo\":{\"@type\":\"ImageObject\",\"inLanguage\":\"fr-FR\",\"@id\":\"https:\/\/nehomia.com\/#\/schema\/logo\/image\/\",\"url\":\"https:\/\/nehomia.com\/wp-content\/uploads\/2025\/02\/logo-valide2.webp\",\"contentUrl\":\"https:\/\/nehomia.com\/wp-content\/uploads\/2025\/02\/logo-valide2.webp\",\"width\":996,\"height\":300,\"caption\":\"S\u00e9curisons ensemble votre budget \u00e9nerg\u00e9tique - Nehomia\"},\"image\":{\"@id\":\"https:\/\/nehomia.com\/#\/schema\/logo\/image\/\"}}]}<\/script>\n<!-- \/ Yoast SEO plugin. -->","yoast_head_json":{"title":"L'actualit\u00e9 de l'\u00e9nergie &#8211; Nehomia","robots":{"index":"index","follow":"follow","max-snippet":"max-snippet:-1","max-image-preview":"max-image-preview:large","max-video-preview":"max-video-preview:-1"},"canonical":"https:\/\/nehomia.com\/index.php\/actualites\/","og_locale":"fr_FR","og_type":"article","og_title":"L'actualit\u00e9 de l'\u00e9nergie &#8211; Nehomia","og_description":"L&rsquo;actualit\u00e9 de l&rsquo;\u00e9nergie Retrouvez toutes les derni\u00e8res nouveaut\u00e9s autour de domaine de la production et des fournisseurs d&rsquo;\u00e9nergie sur le march\u00e9 fran\u00e7ais et europ\u00e9en.","og_url":"https:\/\/nehomia.com\/index.php\/actualites\/","og_site_name":"Nehomia","article_modified_time":"2025-02-16T21:21:14+00:00","og_image":[{"width":996,"height":300,"url":"https:\/\/nehomia.com\/wp-content\/uploads\/2025\/02\/logo-valide2.webp","type":"image\/webp"}],"twitter_card":"summary_large_image","twitter_misc":{"Dur\u00e9e de lecture estim\u00e9e":"2 minutes"},"schema":{"@context":"https:\/\/schema.org","@graph":[{"@type":"WebPage","@id":"https:\/\/nehomia.com\/index.php\/actualites\/","url":"https:\/\/nehomia.com\/index.php\/actualites\/","name":"L'actualit\u00e9 de l'\u00e9nergie &#8211; Nehomia","isPartOf":{"@id":"https:\/\/nehomia.com\/#website"},"datePublished":"2025-02-16T21:19:08+00:00","dateModified":"2025-02-16T21:21:14+00:00","breadcrumb":{"@id":"https:\/\/nehomia.com\/index.php\/actualites\/#breadcrumb"},"inLanguage":"fr-FR","potentialAction":[{"@type":"ReadAction","target":["https:\/\/nehomia.com\/index.php\/actualites\/"]}]},{"@type":"BreadcrumbList","@id":"https:\/\/nehomia.com\/index.php\/actualites\/#breadcrumb","itemListElement":[{"@type":"ListItem","position":1,"name":"Accueil","item":"https:\/\/nehomia.com\/"},{"@type":"ListItem","position":2,"name":"L&rsquo;actualit\u00e9 de l&rsquo;\u00e9nergie"}]},{"@type":"WebSite","@id":"https:\/\/nehomia.com\/#website","url":"https:\/\/nehomia.com\/","name":"S\u00e9curisons ensemble votre budget \u00e9nerg\u00e9tique - Nehomia","description":"S\u00e9curisons ensemble votre budget \u00e9nerg\u00e9tique","publisher":{"@id":"https:\/\/nehomia.com\/#organization"},"alternateName":"Nehomia","potentialAction":[{"@type":"SearchAction","target":{"@type":"EntryPoint","urlTemplate":"https:\/\/nehomia.com\/?s={search_term_string}"},"query-input":{"@type":"PropertyValueSpecification","valueRequired":true,"valueName":"search_term_string"}}],"inLanguage":"fr-FR"},{"@type":"Organization","@id":"https:\/\/nehomia.com\/#organization","name":"S\u00e9curisons ensemble votre budget \u00e9nerg\u00e9tique - Nehomia","url":"https:\/\/nehomia.com\/","logo":{"@type":"ImageObject","inLanguage":"fr-FR","@id":"https:\/\/nehomia.com\/#\/schema\/logo\/image\/","url":"https:\/\/nehomia.com\/wp-content\/uploads\/2025\/02\/logo-valide2.webp","contentUrl":"https:\/\/nehomia.com\/wp-content\/uploads\/2025\/02\/logo-valide2.webp","width":996,"height":300,"caption":"S\u00e9curisons ensemble votre budget \u00e9nerg\u00e9tique - Nehomia"},"image":{"@id":"https:\/\/nehomia.com\/#\/schema\/logo\/image\/"}}]}},"_links":{"self":[{"href":"https:\/\/nehomia.com\/index.php\/wp-json\/wp\/v2\/pages\/488","targetHints":{"allow":["GET"]}}],"collection":[{"href":"https:\/\/nehomia.com\/index.php\/wp-json\/wp\/v2\/pages"}],"about":[{"href":"https:\/\/nehomia.com\/index.php\/wp-json\/wp\/v2\/types\/page"}],"author":[{"embeddable":true,"href":"https:\/\/nehomia.com\/index.php\/wp-json\/wp\/v2\/users\/1"}],"replies":[{"embeddable":true,"href":"https:\/\/nehomia.com\/index.php\/wp-json\/wp\/v2\/comments?post=488"}],"version-history":[{"count":4,"href":"https:\/\/nehomia.com\/index.php\/wp-json\/wp\/v2\/pages\/488\/revisions"}],"predecessor-version":[{"id":492,"href":"https:\/\/nehomia.com\/index.php\/wp-json\/wp\/v2\/pages\/488\/revisions\/492"}],"wp:attachment":[{"href":"https:\/\/nehomia.com\/index.php\/wp-json\/wp\/v2\/media?parent=488"}],"curies":[{"name":"wp","href":"https:\/\/api.w.org\/{rel}","templated":true}]}}