{"id":261,"date":"2025-02-16T11:40:20","date_gmt":"2025-02-16T10:40:20","guid":{"rendered":"https:\/\/nehomia.com\/?page_id=261"},"modified":"2025-02-27T15:07:50","modified_gmt":"2025-02-27T14:07:50","slug":"nous-contacter","status":"publish","type":"page","link":"https:\/\/nehomia.com\/index.php\/nous-contacter\/","title":{"rendered":"Nous contacter"},"content":{"rendered":"\t\t<div data-elementor-type=\"wp-page\" data-elementor-id=\"261\" class=\"elementor elementor-261\" data-elementor-post-type=\"page\">\n\t\t\t\t<div class=\"elementor-element elementor-element-cebf687 e-flex e-con-boxed e-con e-parent\" data-id=\"cebf687\" data-element_type=\"container\" data-settings=\"{&quot;background_background&quot;:&quot;classic&quot;}\">\n\t\t\t\t\t<div class=\"e-con-inner\">\n\t\t<div class=\"elementor-element elementor-element-4decd56 e-con-full e-flex e-con e-child\" data-id=\"4decd56\" data-element_type=\"container\">\n\t\t\t\t<div class=\"elementor-element elementor-element-8457f38 elementor-widget elementor-widget-heading\" data-id=\"8457f38\" data-element_type=\"widget\" data-widget_type=\"heading.default\">\n\t\t\t\t<div class=\"elementor-widget-container\">\n\t\t\t\t\t<h1 class=\"elementor-heading-title elementor-size-default\">Contactez-nous<\/h1>\t\t\t\t<\/div>\n\t\t\t\t<\/div>\n\t\t\t\t<div class=\"elementor-element elementor-element-ac2fcd4 elementor-widget elementor-widget-heading\" data-id=\"ac2fcd4\" data-element_type=\"widget\" data-widget_type=\"heading.default\">\n\t\t\t\t<div class=\"elementor-widget-container\">\n\t\t\t\t\t<p class=\"elementor-heading-title elementor-size-default\">Nehomia, cabinet de conseil en \u00e9nergie, vous accompagne dans la ma\u00eetrise de votre consommation afin de mieux piloter votre facture \u00e9nerg\u00e9tique.<\/p>\t\t\t\t<\/div>\n\t\t\t\t<\/div>\n\t\t\t\t<\/div>\n\t\t\t\t\t<\/div>\n\t\t\t\t<\/div>\n\t\t<div class=\"elementor-element elementor-element-9d8dde1 e-grid e-con-full e-con e-parent\" data-id=\"9d8dde1\" data-element_type=\"container\">\n\t\t\t\t<div class=\"elementor-element elementor-element-14f000d elementor-widget__width-initial elementor-widget elementor-widget-shortcode\" data-id=\"14f000d\" data-element_type=\"widget\" data-widget_type=\"shortcode.default\">\n\t\t\t\t<div class=\"elementor-widget-container\">\n\t\t\t\t\t\t\t<div class=\"elementor-shortcode\">\n\t\t\t\t\t<script>\n\t\t\t\t\t\twindow.hsFormsOnReady = window.hsFormsOnReady || [];\n\t\t\t\t\t\twindow.hsFormsOnReady.push(()=>{\n\t\t\t\t\t\t\thbspt.forms.create({\n\t\t\t\t\t\t\t\tportalId: 145760865,\n\t\t\t\t\t\t\t\tformId: \"eb950069-de39-4e9e-ba75-2c3e4ebab1cb\",\n\t\t\t\t\t\t\t\ttarget: \"#hbspt-form-1777528489000-7561541044\",\n\t\t\t\t\t\t\t\tregion: \"eu1\",\n\t\t\t\t\t\t\t\t\n\t\t\t\t\t\t})});\n\t\t\t\t\t<\/script>\n\t\t\t\t\t<div class=\"hbspt-form\" id=\"hbspt-form-1777528489000-7561541044\"><\/div><\/div>\n\t\t\t\t\t\t<\/div>\n\t\t\t\t<\/div>\n\t\t\t\t<\/div>\n\t\t\t\t<\/div>\n\t\t","protected":false},"excerpt":{"rendered":"<p>Contactez-nous Nehomia, cabinet de conseil en \u00e9nergie, vous accompagne dans la ma\u00eetrise de votre consommation afin de mieux piloter votre facture \u00e9nerg\u00e9tique.<\/p>\n","protected":false},"author":1,"featured_media":0,"parent":0,"menu_order":0,"comment_status":"closed","ping_status":"closed","template":"elementor_header_footer","meta":{"content-type":"","footnotes":""},"class_list":["post-261","page","type-page","status-publish","hentry"],"yoast_head":"<!-- This site is optimized with the Yoast SEO plugin v24.4 - https:\/\/yoast.com\/wordpress\/plugins\/seo\/ -->\n<title>Nous contacter &#8211; Nehomia<\/title>\n<meta name=\"robots\" content=\"index, follow, max-snippet:-1, max-image-preview:large, max-video-preview:-1\" \/>\n<link rel=\"canonical\" href=\"https:\/\/nehomia.com\/index.php\/nous-contacter\/\" \/>\n<meta property=\"og:locale\" content=\"fr_FR\" \/>\n<meta property=\"og:type\" content=\"article\" \/>\n<meta property=\"og:title\" content=\"Nous contacter &#8211; Nehomia\" \/>\n<meta property=\"og:description\" content=\"Contactez-nous Nehomia, cabinet de conseil en \u00e9nergie, vous accompagne dans la ma\u00eetrise de votre consommation afin de mieux piloter votre facture \u00e9nerg\u00e9tique.\" \/>\n<meta property=\"og:url\" content=\"https:\/\/nehomia.com\/index.php\/nous-contacter\/\" \/>\n<meta property=\"og:site_name\" content=\"Nehomia\" \/>\n<meta property=\"article:modified_time\" content=\"2025-02-27T14:07:50+00:00\" \/>\n<meta property=\"og:image\" content=\"https:\/\/nehomia.com\/wp-content\/uploads\/2025\/02\/logo-valide2.webp\" \/>\n\t<meta property=\"og:image:width\" content=\"996\" \/>\n\t<meta property=\"og:image:height\" content=\"300\" \/>\n\t<meta property=\"og:image:type\" content=\"image\/webp\" \/>\n<meta name=\"twitter:card\" content=\"summary_large_image\" \/>\n<meta name=\"twitter:label1\" content=\"Dur\u00e9e de lecture estim\u00e9e\" \/>\n\t<meta name=\"twitter:data1\" content=\"1 minute\" \/>\n<script type=\"application\/ld+json\" class=\"yoast-schema-graph\">{\"@context\":\"https:\/\/schema.org\",\"@graph\":[{\"@type\":\"WebPage\",\"@id\":\"https:\/\/nehomia.com\/index.php\/nous-contacter\/\",\"url\":\"https:\/\/nehomia.com\/index.php\/nous-contacter\/\",\"name\":\"Nous contacter &#8211; Nehomia\",\"isPartOf\":{\"@id\":\"https:\/\/nehomia.com\/#website\"},\"datePublished\":\"2025-02-16T10:40:20+00:00\",\"dateModified\":\"2025-02-27T14:07:50+00:00\",\"breadcrumb\":{\"@id\":\"https:\/\/nehomia.com\/index.php\/nous-contacter\/#breadcrumb\"},\"inLanguage\":\"fr-FR\",\"potentialAction\":[{\"@type\":\"ReadAction\",\"target\":[\"https:\/\/nehomia.com\/index.php\/nous-contacter\/\"]}]},{\"@type\":\"BreadcrumbList\",\"@id\":\"https:\/\/nehomia.com\/index.php\/nous-contacter\/#breadcrumb\",\"itemListElement\":[{\"@type\":\"ListItem\",\"position\":1,\"name\":\"Accueil\",\"item\":\"https:\/\/nehomia.com\/\"},{\"@type\":\"ListItem\",\"position\":2,\"name\":\"Nous contacter\"}]},{\"@type\":\"WebSite\",\"@id\":\"https:\/\/nehomia.com\/#website\",\"url\":\"https:\/\/nehomia.com\/\",\"name\":\"S\u00e9curisons ensemble votre budget \u00e9nerg\u00e9tique - Nehomia\",\"description\":\"S\u00e9curisons ensemble votre budget \u00e9nerg\u00e9tique\",\"publisher\":{\"@id\":\"https:\/\/nehomia.com\/#organization\"},\"alternateName\":\"Nehomia\",\"potentialAction\":[{\"@type\":\"SearchAction\",\"target\":{\"@type\":\"EntryPoint\",\"urlTemplate\":\"https:\/\/nehomia.com\/?s={search_term_string}\"},\"query-input\":{\"@type\":\"PropertyValueSpecification\",\"valueRequired\":true,\"valueName\":\"search_term_string\"}}],\"inLanguage\":\"fr-FR\"},{\"@type\":\"Organization\",\"@id\":\"https:\/\/nehomia.com\/#organization\",\"name\":\"S\u00e9curisons ensemble votre budget \u00e9nerg\u00e9tique - Nehomia\",\"url\":\"https:\/\/nehomia.com\/\",\"logo\":{\"@type\":\"ImageObject\",\"inLanguage\":\"fr-FR\",\"@id\":\"https:\/\/nehomia.com\/#\/schema\/logo\/image\/\",\"url\":\"https:\/\/nehomia.com\/wp-content\/uploads\/2025\/02\/logo-valide2.webp\",\"contentUrl\":\"https:\/\/nehomia.com\/wp-content\/uploads\/2025\/02\/logo-valide2.webp\",\"width\":996,\"height\":300,\"caption\":\"S\u00e9curisons ensemble votre budget \u00e9nerg\u00e9tique - Nehomia\"},\"image\":{\"@id\":\"https:\/\/nehomia.com\/#\/schema\/logo\/image\/\"}}]}<\/script>\n<!-- \/ Yoast SEO plugin. -->","yoast_head_json":{"title":"Nous contacter &#8211; Nehomia","robots":{"index":"index","follow":"follow","max-snippet":"max-snippet:-1","max-image-preview":"max-image-preview:large","max-video-preview":"max-video-preview:-1"},"canonical":"https:\/\/nehomia.com\/index.php\/nous-contacter\/","og_locale":"fr_FR","og_type":"article","og_title":"Nous contacter &#8211; Nehomia","og_description":"Contactez-nous Nehomia, cabinet de conseil en \u00e9nergie, vous accompagne dans la ma\u00eetrise de votre consommation afin de mieux piloter votre facture \u00e9nerg\u00e9tique.","og_url":"https:\/\/nehomia.com\/index.php\/nous-contacter\/","og_site_name":"Nehomia","article_modified_time":"2025-02-27T14:07:50+00:00","og_image":[{"width":996,"height":300,"url":"https:\/\/nehomia.com\/wp-content\/uploads\/2025\/02\/logo-valide2.webp","type":"image\/webp"}],"twitter_card":"summary_large_image","twitter_misc":{"Dur\u00e9e de lecture estim\u00e9e":"1 minute"},"schema":{"@context":"https:\/\/schema.org","@graph":[{"@type":"WebPage","@id":"https:\/\/nehomia.com\/index.php\/nous-contacter\/","url":"https:\/\/nehomia.com\/index.php\/nous-contacter\/","name":"Nous contacter &#8211; Nehomia","isPartOf":{"@id":"https:\/\/nehomia.com\/#website"},"datePublished":"2025-02-16T10:40:20+00:00","dateModified":"2025-02-27T14:07:50+00:00","breadcrumb":{"@id":"https:\/\/nehomia.com\/index.php\/nous-contacter\/#breadcrumb"},"inLanguage":"fr-FR","potentialAction":[{"@type":"ReadAction","target":["https:\/\/nehomia.com\/index.php\/nous-contacter\/"]}]},{"@type":"BreadcrumbList","@id":"https:\/\/nehomia.com\/index.php\/nous-contacter\/#breadcrumb","itemListElement":[{"@type":"ListItem","position":1,"name":"Accueil","item":"https:\/\/nehomia.com\/"},{"@type":"ListItem","position":2,"name":"Nous contacter"}]},{"@type":"WebSite","@id":"https:\/\/nehomia.com\/#website","url":"https:\/\/nehomia.com\/","name":"S\u00e9curisons ensemble votre budget \u00e9nerg\u00e9tique - Nehomia","description":"S\u00e9curisons ensemble votre budget \u00e9nerg\u00e9tique","publisher":{"@id":"https:\/\/nehomia.com\/#organization"},"alternateName":"Nehomia","potentialAction":[{"@type":"SearchAction","target":{"@type":"EntryPoint","urlTemplate":"https:\/\/nehomia.com\/?s={search_term_string}"},"query-input":{"@type":"PropertyValueSpecification","valueRequired":true,"valueName":"search_term_string"}}],"inLanguage":"fr-FR"},{"@type":"Organization","@id":"https:\/\/nehomia.com\/#organization","name":"S\u00e9curisons ensemble votre budget \u00e9nerg\u00e9tique - Nehomia","url":"https:\/\/nehomia.com\/","logo":{"@type":"ImageObject","inLanguage":"fr-FR","@id":"https:\/\/nehomia.com\/#\/schema\/logo\/image\/","url":"https:\/\/nehomia.com\/wp-content\/uploads\/2025\/02\/logo-valide2.webp","contentUrl":"https:\/\/nehomia.com\/wp-content\/uploads\/2025\/02\/logo-valide2.webp","width":996,"height":300,"caption":"S\u00e9curisons ensemble votre budget \u00e9nerg\u00e9tique - Nehomia"},"image":{"@id":"https:\/\/nehomia.com\/#\/schema\/logo\/image\/"}}]}},"_links":{"self":[{"href":"https:\/\/nehomia.com\/index.php\/wp-json\/wp\/v2\/pages\/261","targetHints":{"allow":["GET"]}}],"collection":[{"href":"https:\/\/nehomia.com\/index.php\/wp-json\/wp\/v2\/pages"}],"about":[{"href":"https:\/\/nehomia.com\/index.php\/wp-json\/wp\/v2\/types\/page"}],"author":[{"embeddable":true,"href":"https:\/\/nehomia.com\/index.php\/wp-json\/wp\/v2\/users\/1"}],"replies":[{"embeddable":true,"href":"https:\/\/nehomia.com\/index.php\/wp-json\/wp\/v2\/comments?post=261"}],"version-history":[{"count":28,"href":"https:\/\/nehomia.com\/index.php\/wp-json\/wp\/v2\/pages\/261\/revisions"}],"predecessor-version":[{"id":626,"href":"https:\/\/nehomia.com\/index.php\/wp-json\/wp\/v2\/pages\/261\/revisions\/626"}],"wp:attachment":[{"href":"https:\/\/nehomia.com\/index.php\/wp-json\/wp\/v2\/media?parent=261"}],"curies":[{"name":"wp","href":"https:\/\/api.w.org\/{rel}","templated":true}]}}